{"id":167,"date":"2019-10-11T11:03:49","date_gmt":"2019-10-11T11:03:49","guid":{"rendered":"https:\/\/bridge265.qodeinteractive.com\/?page_id=167"},"modified":"2022-04-14T10:54:40","modified_gmt":"2022-04-14T10:54:40","slug":"blog-buena-onda","status":"publish","type":"page","link":"http:\/\/buenaondazahora.com\/en\/blog-buena-onda\/","title":{"rendered":"Blog"},"content":{"rendered":"<div data-elementor-type=\"wp-page\" data-elementor-id=\"167\" class=\"elementor elementor-167\">\n\t\t\t\t\t\t<section class=\"elementor-section elementor-top-section elementor-element elementor-element-636d2f6a elementor-section-boxed elementor-section-height-default elementor-section-height-default parallax_section_no qode_elementor_container_no\" data-id=\"636d2f6a\" data-element_type=\"section\">\n\t\t\t\t\t\t<div class=\"elementor-container elementor-column-gap-default\">\n\t\t\t\t\t<div class=\"elementor-column elementor-col-100 elementor-top-column elementor-element elementor-element-6aa9e8e9\" data-id=\"6aa9e8e9\" data-element_type=\"column\">\n\t\t\t<div class=\"elementor-widget-wrap elementor-element-populated\">\n\t\t\t\t\t\t<div class=\"elementor-element elementor-element-3595d4e2 elementor-widget elementor-widget-bridge_latest_posts_two\" data-id=\"3595d4e2\" data-element_type=\"widget\" data-widget_type=\"bridge_latest_posts_two.default\">\n\t\t\t\t<div class=\"elementor-widget-container\">\n\t\t\t<div class='latest_post_two_holder three_columns'><ul><li class=\"clearfix\"><div class=\"latest_post_two_image\"><a itemprop=\"url\" href=\"http:\/\/buenaondazahora.com\/en\/buena-onda\/huerta-de-primavera-y-verano\/\"><img loading=\"lazy\" width=\"700\" height=\"398\" src=\"http:\/\/buenaondazahora.com\/wp-content\/uploads\/2022\/04\/Preperando-huerta-primavera-buena-onda-collage-700x398.jpg\" class=\"attachment-portfolio_masonry_with_space size-portfolio_masonry_with_space wp-post-image\" alt=\"Preperando-huerta-primavera-buena-onda-collage\" decoding=\"async\" srcset=\"http:\/\/buenaondazahora.com\/wp-content\/uploads\/2022\/04\/Preperando-huerta-primavera-buena-onda-collage-700x398.jpg 700w, http:\/\/buenaondazahora.com\/wp-content\/uploads\/2022\/04\/Preperando-huerta-primavera-buena-onda-collage-300x170.jpg 300w, http:\/\/buenaondazahora.com\/wp-content\/uploads\/2022\/04\/Preperando-huerta-primavera-buena-onda-collage-1024x581.jpg 1024w, http:\/\/buenaondazahora.com\/wp-content\/uploads\/2022\/04\/Preperando-huerta-primavera-buena-onda-collage-768x436.jpg 768w, http:\/\/buenaondazahora.com\/wp-content\/uploads\/2022\/04\/Preperando-huerta-primavera-buena-onda-collage.jpg 1400w\" sizes=\"(max-width: 700px) 100vw, 700px\" \/><\/a><\/div><div class=\"latest_post_two_inner\" ><div class=\"latest_post_two_text\"><h3 itemprop=\"name\" class=\"latest_post_two_title entry_title\"><a itemprop=\"url\" href=\"http:\/\/buenaondazahora.com\/en\/buena-onda\/huerta-de-primavera-y-verano\/\" >Preparing the vegetable garden for the new season<\/a><\/h3><div class=\"separator small left\" style='background-color: rgba(0,0,0,0);'><\/div><p itemprop=\"description\" class=\"latest_post_two_excerpt\" >Once a year we put nutrients back into our soil through composting<\/p><\/div><div class=\"latest_post_two_info\" ><div class=\"latest_post_two_info_inner\" ><div class=\"post_info_author\"><img alt='Author Image' src='http:\/\/buenaondazahora.com\/wp-content\/litespeed\/avatar\/ed3b32d708445c4770cab849c726c9d9.jpg?ver=1777100854' srcset='http:\/\/buenaondazahora.com\/wp-content\/litespeed\/avatar\/ba77bd15db2a81a165804fb380ddf8c3.jpg?ver=1777100854 2x' class='avatar avatar-30 photo' height='30' width='30' decoding='async'\/><span class=\"post_info_author_name\">admin<\/span><\/div><div itemprop=\"dateCreated\" class=\"post_info_date entry_date updated\">08 April, 2022<meta itemprop=\"interactionCount\" content=\"UserComments: <?php echo get_comments_number(qode_get_page_id()); ?>\"\/><\/div><\/div><\/div><\/div><\/li><li class=\"clearfix\"><div class=\"latest_post_two_image\"><a itemprop=\"url\" href=\"http:\/\/buenaondazahora.com\/en\/buena-onda\/antes-y-despues-banos\/\"><img loading=\"lazy\" width=\"700\" height=\"398\" src=\"http:\/\/buenaondazahora.com\/wp-content\/uploads\/2019\/11\/ban\u0303os-antes-y-despues-buena-onda-collage-700x398.jpg\" class=\"attachment-portfolio_masonry_with_space size-portfolio_masonry_with_space wp-post-image\" alt=\"ban\u0303os-antes-y-despues-buena-onda-collage\" decoding=\"async\" srcset=\"http:\/\/buenaondazahora.com\/wp-content\/uploads\/2019\/11\/ban\u0303os-antes-y-despues-buena-onda-collage-700x398.jpg 700w, http:\/\/buenaondazahora.com\/wp-content\/uploads\/2019\/11\/ban\u0303os-antes-y-despues-buena-onda-collage-300x170.jpg 300w, http:\/\/buenaondazahora.com\/wp-content\/uploads\/2019\/11\/ban\u0303os-antes-y-despues-buena-onda-collage-1024x581.jpg 1024w, http:\/\/buenaondazahora.com\/wp-content\/uploads\/2019\/11\/ban\u0303os-antes-y-despues-buena-onda-collage-768x436.jpg 768w, http:\/\/buenaondazahora.com\/wp-content\/uploads\/2019\/11\/ban\u0303os-antes-y-despues-buena-onda-collage.jpg 1400w\" sizes=\"(max-width: 700px) 100vw, 700px\" \/><\/a><\/div><div class=\"latest_post_two_inner\" ><div class=\"latest_post_two_text\"><h3 itemprop=\"name\" class=\"latest_post_two_title entry_title\"><a itemprop=\"url\" href=\"http:\/\/buenaondazahora.com\/en\/buena-onda\/antes-y-despues-banos\/\" >Do you want to see the before and after of our bathrooms?<\/a><\/h3><div class=\"separator small left\" style='background-color: rgba(0,0,0,0);'><\/div><p itemprop=\"description\" class=\"latest_post_two_excerpt\" >We know how important it is to find clean and welcoming bathrooms.<\/p><\/div><div class=\"latest_post_two_info\" ><div class=\"latest_post_two_info_inner\" ><div class=\"post_info_author\"><img alt='Author Image' src='http:\/\/buenaondazahora.com\/wp-content\/litespeed\/avatar\/ed3b32d708445c4770cab849c726c9d9.jpg?ver=1777100854' srcset='http:\/\/buenaondazahora.com\/wp-content\/litespeed\/avatar\/ba77bd15db2a81a165804fb380ddf8c3.jpg?ver=1777100854 2x' class='avatar avatar-30 photo' height='30' width='30' decoding='async'\/><span class=\"post_info_author_name\">admin<\/span><\/div><div itemprop=\"dateCreated\" class=\"post_info_date entry_date updated\">16 March, 2022<meta itemprop=\"interactionCount\" content=\"UserComments: <?php echo get_comments_number(qode_get_page_id()); ?>\"\/><\/div><\/div><\/div><\/div><\/li><\/ul><\/div>\t\t<\/div>\n\t\t\t\t<\/div>\n\t\t\t\t\t<\/div>\n\t\t<\/div>\n\t\t\t\t\t<\/div>\n\t\t<\/section>\n\t\t\t\t<\/div>","protected":false},"excerpt":{"rendered":"<p>Preparando la huerta para la nueva estaci\u00f3n Una vez al a\u00f1o devolvemos los nutrientes a nuestra tierra a trav\u00e9s del compost admin08 abril, 2022<\/p>","protected":false},"author":1,"featured_media":0,"parent":0,"menu_order":0,"comment_status":"closed","ping_status":"closed","template":"","meta":[],"yoast_head":"<!-- This site is optimized with the Yoast SEO plugin v21.0 - https:\/\/yoast.com\/wordpress\/plugins\/seo\/ -->\n<title>Blog<\/title>\n<meta name=\"description\" content=\"Aqu\u00ed os contaremos c\u00f3mo es la vida en Buena Onda Zahora, os compartiremos recetas saludables y algunos planes m\u00e1s!!!\" \/>\n<meta name=\"robots\" content=\"index, follow, max-snippet:-1, max-image-preview:large, max-video-preview:-1\" \/>\n<link rel=\"canonical\" href=\"http:\/\/buenaondazahora.com\/en\/blog-buena-onda\/\" \/>\n<meta name=\"twitter:label1\" content=\"Estimated reading time\" \/>\n\t<meta name=\"twitter:data1\" content=\"2 minutes\" \/>\n<script type=\"application\/ld+json\" class=\"yoast-schema-graph\">{\"@context\":\"https:\/\/schema.org\",\"@graph\":[{\"@type\":\"WebPage\",\"@id\":\"http:\/\/buenaondazahora.com\/blog-buena-onda\/\",\"url\":\"http:\/\/buenaondazahora.com\/blog-buena-onda\/\",\"name\":\"Blog\",\"isPartOf\":{\"@id\":\"http:\/\/buenaondazahora.com\/#website\"},\"datePublished\":\"2019-10-11T11:03:49+00:00\",\"dateModified\":\"2022-04-14T10:54:40+00:00\",\"description\":\"Aqu\u00ed os contaremos c\u00f3mo es la vida en Buena Onda Zahora, os compartiremos recetas saludables y algunos planes m\u00e1s!!!\",\"breadcrumb\":{\"@id\":\"http:\/\/buenaondazahora.com\/blog-buena-onda\/#breadcrumb\"},\"inLanguage\":\"en-GB\",\"potentialAction\":[{\"@type\":\"ReadAction\",\"target\":[\"http:\/\/buenaondazahora.com\/blog-buena-onda\/\"]}]},{\"@type\":\"BreadcrumbList\",\"@id\":\"http:\/\/buenaondazahora.com\/blog-buena-onda\/#breadcrumb\",\"itemListElement\":[{\"@type\":\"ListItem\",\"position\":1,\"name\":\"Portada\",\"item\":\"http:\/\/buenaondazahora.com\/\"},{\"@type\":\"ListItem\",\"position\":2,\"name\":\"Blog\"}]},{\"@type\":\"WebSite\",\"@id\":\"http:\/\/buenaondazahora.com\/#website\",\"url\":\"http:\/\/buenaondazahora.com\/\",\"name\":\"Buena Onda Zahora\",\"description\":\"Sustainable van parking and cool lodging in Zahora (C&aacute;diz)\",\"publisher\":{\"@id\":\"http:\/\/buenaondazahora.com\/#\/schema\/person\/dbe997d4b90ca505101f3f39e46e102f\"},\"potentialAction\":[{\"@type\":\"SearchAction\",\"target\":{\"@type\":\"EntryPoint\",\"urlTemplate\":\"http:\/\/buenaondazahora.com\/?s={search_term_string}\"},\"query-input\":\"required name=search_term_string\"}],\"inLanguage\":\"en-GB\"},{\"@type\":[\"Person\",\"Organization\"],\"@id\":\"http:\/\/buenaondazahora.com\/#\/schema\/person\/dbe997d4b90ca505101f3f39e46e102f\",\"name\":\"admin\",\"image\":{\"@type\":\"ImageObject\",\"inLanguage\":\"en-GB\",\"@id\":\"http:\/\/buenaondazahora.com\/#\/schema\/person\/image\/\",\"url\":\"https:\/\/buenaondazahora.com\/wp-content\/uploads\/2022\/01\/logo-buena-onda-WEB_new.png\",\"contentUrl\":\"https:\/\/buenaondazahora.com\/wp-content\/uploads\/2022\/01\/logo-buena-onda-WEB_new.png\",\"width\":122,\"height\":98,\"caption\":\"admin\"},\"logo\":{\"@id\":\"http:\/\/buenaondazahora.com\/#\/schema\/person\/image\/\"}}]}<\/script>\n<!-- \/ Yoast SEO plugin. -->","yoast_head_json":{"title":"Blog","description":"Aqu\u00ed os contaremos c\u00f3mo es la vida en Buena Onda Zahora, os compartiremos recetas saludables y algunos planes m\u00e1s!!!","robots":{"index":"index","follow":"follow","max-snippet":"max-snippet:-1","max-image-preview":"max-image-preview:large","max-video-preview":"max-video-preview:-1"},"canonical":"http:\/\/buenaondazahora.com\/en\/blog-buena-onda\/","twitter_misc":{"Estimated reading time":"2 minutes"},"schema":{"@context":"https:\/\/schema.org","@graph":[{"@type":"WebPage","@id":"http:\/\/buenaondazahora.com\/blog-buena-onda\/","url":"http:\/\/buenaondazahora.com\/blog-buena-onda\/","name":"Blog","isPartOf":{"@id":"http:\/\/buenaondazahora.com\/#website"},"datePublished":"2019-10-11T11:03:49+00:00","dateModified":"2022-04-14T10:54:40+00:00","description":"Aqu\u00ed os contaremos c\u00f3mo es la vida en Buena Onda Zahora, os compartiremos recetas saludables y algunos planes m\u00e1s!!!","breadcrumb":{"@id":"http:\/\/buenaondazahora.com\/blog-buena-onda\/#breadcrumb"},"inLanguage":"en-GB","potentialAction":[{"@type":"ReadAction","target":["http:\/\/buenaondazahora.com\/blog-buena-onda\/"]}]},{"@type":"BreadcrumbList","@id":"http:\/\/buenaondazahora.com\/blog-buena-onda\/#breadcrumb","itemListElement":[{"@type":"ListItem","position":1,"name":"Portada","item":"http:\/\/buenaondazahora.com\/"},{"@type":"ListItem","position":2,"name":"Blog"}]},{"@type":"WebSite","@id":"http:\/\/buenaondazahora.com\/#website","url":"http:\/\/buenaondazahora.com\/","name":"Buena Onda Zahora","description":"Sustainable van parking and cool lodging in Zahora (C&aacute;diz)","publisher":{"@id":"http:\/\/buenaondazahora.com\/#\/schema\/person\/dbe997d4b90ca505101f3f39e46e102f"},"potentialAction":[{"@type":"SearchAction","target":{"@type":"EntryPoint","urlTemplate":"http:\/\/buenaondazahora.com\/?s={search_term_string}"},"query-input":"required name=search_term_string"}],"inLanguage":"en-GB"},{"@type":["Person","Organization"],"@id":"http:\/\/buenaondazahora.com\/#\/schema\/person\/dbe997d4b90ca505101f3f39e46e102f","name":"admin","image":{"@type":"ImageObject","inLanguage":"en-GB","@id":"http:\/\/buenaondazahora.com\/#\/schema\/person\/image\/","url":"https:\/\/buenaondazahora.com\/wp-content\/uploads\/2022\/01\/logo-buena-onda-WEB_new.png","contentUrl":"https:\/\/buenaondazahora.com\/wp-content\/uploads\/2022\/01\/logo-buena-onda-WEB_new.png","width":122,"height":98,"caption":"admin"},"logo":{"@id":"http:\/\/buenaondazahora.com\/#\/schema\/person\/image\/"}}]}},"_links":{"self":[{"href":"http:\/\/buenaondazahora.com\/en\/wp-json\/wp\/v2\/pages\/167"}],"collection":[{"href":"http:\/\/buenaondazahora.com\/en\/wp-json\/wp\/v2\/pages"}],"about":[{"href":"http:\/\/buenaondazahora.com\/en\/wp-json\/wp\/v2\/types\/page"}],"author":[{"embeddable":true,"href":"http:\/\/buenaondazahora.com\/en\/wp-json\/wp\/v2\/users\/1"}],"replies":[{"embeddable":true,"href":"http:\/\/buenaondazahora.com\/en\/wp-json\/wp\/v2\/comments?post=167"}],"version-history":[{"count":14,"href":"http:\/\/buenaondazahora.com\/en\/wp-json\/wp\/v2\/pages\/167\/revisions"}],"predecessor-version":[{"id":1300,"href":"http:\/\/buenaondazahora.com\/en\/wp-json\/wp\/v2\/pages\/167\/revisions\/1300"}],"wp:attachment":[{"href":"http:\/\/buenaondazahora.com\/en\/wp-json\/wp\/v2\/media?parent=167"}],"curies":[{"name":"wp","href":"https:\/\/api.w.org\/{rel}","templated":true}]}}